{"id":1180,"date":"2025-03-11T14:14:30","date_gmt":"2025-03-11T13:14:30","guid":{"rendered":"https:\/\/annas-modestube.localbytes.de\/?post_type=product&#038;p=1180"},"modified":"2025-06-30T08:41:06","modified_gmt":"2025-06-30T06:41:06","slug":"leinen-jumpsuit-overall","status":"publish","type":"product","link":"https:\/\/annas-modestube.localbytes.de\/?product=leinen-jumpsuit-overall","title":{"rendered":"Leinen Jumpsuit wei\u00df"},"content":{"rendered":"<p>Unser wei\u00dfer Leinen Jumpsuit besticht durch seine leichte, atmungsaktive Leinenqualit\u00e4t und hochwertige Verarbeitung.<\/p>\n<p>Die elegante, figurbetonte Silhouette macht ihn zum perfekten Begleiter f\u00fcr stilvolle Sommermomente.<\/p>\n","protected":false},"excerpt":{"rendered":"<p>Monaco Vibes &#8211; mit unserem Leinen Jumpsuit bist du \u00fcberall der Blickfang<\/p>\n","protected":false},"featured_media":1219,"template":"","meta":[],"product_brand":[],"product_cat":[45],"product_tag":[46,48,47,41],"class_list":{"0":"post-1180","1":"product","2":"type-product","3":"status-publish","4":"has-post-thumbnail","6":"product_cat-2025-sommer","7":"product_tag-hot","8":"product_tag-natural","9":"product_tag-sommerparty","10":"product_tag-vielseitig","12":"first","13":"instock","14":"sale","15":"shipping-taxable","16":"purchasable","17":"product-type-variable"},"jetpack_sharing_enabled":true,"_links":{"self":[{"href":"https:\/\/annas-modestube.localbytes.de\/index.php?rest_route=\/wp\/v2\/product\/1180","targetHints":{"allow":["GET"]}}],"collection":[{"href":"https:\/\/annas-modestube.localbytes.de\/index.php?rest_route=\/wp\/v2\/product"}],"about":[{"href":"https:\/\/annas-modestube.localbytes.de\/index.php?rest_route=\/wp\/v2\/types\/product"}],"wp:featuredmedia":[{"embeddable":true,"href":"https:\/\/annas-modestube.localbytes.de\/index.php?rest_route=\/wp\/v2\/media\/1219"}],"wp:attachment":[{"href":"https:\/\/annas-modestube.localbytes.de\/index.php?rest_route=%2Fwp%2Fv2%2Fmedia&parent=1180"}],"wp:term":[{"taxonomy":"product_brand","embeddable":true,"href":"https:\/\/annas-modestube.localbytes.de\/index.php?rest_route=%2Fwp%2Fv2%2Fproduct_brand&post=1180"},{"taxonomy":"product_cat","embeddable":true,"href":"https:\/\/annas-modestube.localbytes.de\/index.php?rest_route=%2Fwp%2Fv2%2Fproduct_cat&post=1180"},{"taxonomy":"product_tag","embeddable":true,"href":"https:\/\/annas-modestube.localbytes.de\/index.php?rest_route=%2Fwp%2Fv2%2Fproduct_tag&post=1180"}],"curies":[{"name":"wp","href":"https:\/\/api.w.org\/{rel}","templated":true}]}}