{"id":3,"date":"2024-09-25T13:41:42","date_gmt":"2024-09-25T11:41:42","guid":{"rendered":"https:\/\/beverly-hills.localbytes.de\/?page_id=3"},"modified":"2025-07-18T14:39:20","modified_gmt":"2025-07-18T12:39:20","slug":"datenschutzerklaerung","status":"publish","type":"page","link":"https:\/\/annas-modestube.localbytes.de\/?page_id=3","title":{"rendered":"Datenschutzerkl\u00e4rung"},"content":{"rendered":"\t\t<div data-elementor-type=\"wp-page\" data-elementor-id=\"3\" class=\"elementor elementor-3\" data-elementor-post-type=\"page\">\n\t\t\t\t<div class=\"elementor-element elementor-element-714aa891 e-flex e-con-boxed e-con e-parent\" data-id=\"714aa891\" data-element_type=\"container\" data-e-type=\"container\">\n\t\t\t\t\t<div class=\"e-con-inner\">\n\t\t\t\t<div class=\"elementor-element elementor-element-19bc318 elementor-widget elementor-widget-heading\" data-id=\"19bc318\" data-element_type=\"widget\" data-e-type=\"widget\" data-widget_type=\"heading.default\">\n\t\t\t\t<div class=\"elementor-widget-container\">\n\t\t\t\t\t<h2 class=\"elementor-heading-title elementor-size-default\">Datenschutzerkl\u00e4rung<\/h2>\t\t\t\t<\/div>\n\t\t\t\t<\/div>\n\t\t\t\t<div class=\"elementor-element elementor-element-1033e796 elementor-widget elementor-widget-text-editor\" data-id=\"1033e796\" data-element_type=\"widget\" data-e-type=\"widget\" data-widget_type=\"text-editor.default\">\n\t\t\t\t<div class=\"elementor-widget-container\">\n\t\t\t\t\t\t\t\t\t<h5><\/h5>\n<h3 class=\"wp-block-heading\">1. Allgemeine Hinweise<\/h3>\n<h5>Diese Website dient ausschlie\u00dflich Demonstrations- und Pr\u00e4sentationszwecken. Es werden keine personenbezogenen Daten \u00fcber Sie gespeichert, verarbeitet oder ausgewertet.<\/h5>\n<h3>\u00a0<\/h3>\n<h3 class=\"p3\">2. Verantwortlicher<\/h3>\n<h5 class=\"p4\"><b>Kushtrim Prcani &amp; Elisa Haberkorn GbR<br \/><\/b>Arndtstr. 18\u00a0<br \/>59063 Hamm\u00a0<br \/>Deutschland\u00a0<br \/><span class=\"s2\">E-Mail: <\/span>info@localbytes.de<\/h5>\n<p>\u00a0<\/p>\n<h3 class=\"p6\">3. Keine echte Datenverarbeitung<\/h3>\n<h5 class=\"p4\">Die auf dieser Website angebotenen Funktionen (z. B. Bestellformulare, Kontaktfelder oder Eingabemasken) sind rein demonstrativer Natur. <br \/>Eingegebene Daten werden weder \u00fcbertragen noch gespeichert. Es findet keine Verarbeitung personenbezogener Informationen statt.<\/h5>\n<p>\u00a0<\/p>\n<h3 class=\"p3\">4. Keine Cookies oder Tracking<\/h3>\n<h5 class=\"p4\">Auf dieser Website werden keine Cookies gesetzt. Es kommen keine Webanalyse-Tools, keine Drittanbieter-Dienste (wie z. B. Google Analytics, Google Fonts, YouTube, o. \u00e4.) und keine sonstigen Trackingtechnologien zum Einsatz.<\/h5>\n<h5>\u00a0<\/h5>\n<h3 class=\"p3\">5. Server-Logfiles<\/h3>\n<h5 class=\"p4\">Beim Aufruf der Seite \u00fcbertr\u00e4gt Ihr Browser aus technischen Gr\u00fcnden automatisch bestimmte Daten an den Server (z. B. IP-Adresse, Datum und Uhrzeit des Zugriffs, angeforderte URL). Diese Daten werden lediglich f\u00fcr den sicheren Betrieb der Seite ben\u00f6tigt und nicht ausgewertet oder gespeichert.<\/h5>\n<h5 class=\"p5\">\u00a0<\/h5>\n<h3 class=\"p3\">6. Keine Weitergabe von Daten<\/h3>\n<h5 class=\"p4\">Da keine Daten erhoben werden, erfolgt auch keine Weitergabe an Dritte.<\/h5>\n<h5 class=\"p5\">\u00a0<\/h5>\n<h3 class=\"p3\">7. Hinweis<\/h3>\n<h5>Bitte beachten Sie, dass es sich bei dieser Website um einen rein technischen Beispiel-Webshop handelt, der nicht f\u00fcr echte Bestellungen oder die Kommunikation mit Kund*innen gedacht ist.<\/h5>\n<h5>Bei Fragen zum Datenschutz wenden Sie sich bitte an die oben angegebene Kontaktadresse.<\/h5>\t\t\t\t\t\t\t\t<\/div>\n\t\t\t\t<\/div>\n\t\t\t\t\t<\/div>\n\t\t\t\t<\/div>\n\t\t\t\t<\/div>\n\t\t","protected":false},"excerpt":{"rendered":"<p>Datenschutzerkl\u00e4rung 1. Allgemeine Hinweise Diese Website dient ausschlie\u00dflich Demonstrations- und Pr\u00e4sentationszwecken. Es werden keine personenbezogenen Daten \u00fcber Sie gespeichert, verarbeitet oder ausgewertet. \u00a0 2. Verantwortlicher Kushtrim Prcani &amp; Elisa Haberkorn GbRArndtstr. 18\u00a059063 Hamm\u00a0Deutschland\u00a0E-Mail: info@localbytes.de \u00a0 3. Keine echte Datenverarbeitung Die auf dieser Website angebotenen Funktionen (z. B. Bestellformulare, Kontaktfelder oder Eingabemasken) sind rein demonstrativer Natur. [&hellip;]<\/p>\n","protected":false},"author":1,"featured_media":0,"parent":0,"menu_order":0,"comment_status":"closed","ping_status":"open","template":"","meta":{"footnotes":""},"class_list":["post-3","page","type-page","status-publish","hentry"],"jetpack_sharing_enabled":true,"_links":{"self":[{"href":"https:\/\/annas-modestube.localbytes.de\/index.php?rest_route=\/wp\/v2\/pages\/3","targetHints":{"allow":["GET"]}}],"collection":[{"href":"https:\/\/annas-modestube.localbytes.de\/index.php?rest_route=\/wp\/v2\/pages"}],"about":[{"href":"https:\/\/annas-modestube.localbytes.de\/index.php?rest_route=\/wp\/v2\/types\/page"}],"author":[{"embeddable":true,"href":"https:\/\/annas-modestube.localbytes.de\/index.php?rest_route=\/wp\/v2\/users\/1"}],"replies":[{"embeddable":true,"href":"https:\/\/annas-modestube.localbytes.de\/index.php?rest_route=%2Fwp%2Fv2%2Fcomments&post=3"}],"version-history":[{"count":30,"href":"https:\/\/annas-modestube.localbytes.de\/index.php?rest_route=\/wp\/v2\/pages\/3\/revisions"}],"predecessor-version":[{"id":1330,"href":"https:\/\/annas-modestube.localbytes.de\/index.php?rest_route=\/wp\/v2\/pages\/3\/revisions\/1330"}],"wp:attachment":[{"href":"https:\/\/annas-modestube.localbytes.de\/index.php?rest_route=%2Fwp%2Fv2%2Fmedia&parent=3"}],"curies":[{"name":"wp","href":"https:\/\/api.w.org\/{rel}","templated":true}]}}